{"id":6,"date":"2025-10-25T05:47:24","date_gmt":"2025-10-25T05:47:24","guid":{"rendered":"https:\/\/tobii-venner.dk\/?page_id=6"},"modified":"2025-10-28T19:11:31","modified_gmt":"2025-10-28T19:11:31","slug":"startside","status":"publish","type":"page","link":"https:\/\/tobii-venner.dk\/","title":{"rendered":"Startside"},"content":{"rendered":"\n<figure class=\"wp-block-image aligncenter size-large is-resized\"><img loading=\"lazy\" decoding=\"async\" width=\"1024\" height=\"768\" src=\"https:\/\/tobii-venner.dk\/wp-content\/uploads\/2025\/10\/224734559_10225610934810608_6829053119896940981_n-edited-1024x768.jpg\" alt=\"\" class=\"wp-image-505\" style=\"width:377px;height:auto\" srcset=\"https:\/\/tobii-venner.dk\/wp-content\/uploads\/2025\/10\/224734559_10225610934810608_6829053119896940981_n-edited-1024x768.jpg 1024w, https:\/\/tobii-venner.dk\/wp-content\/uploads\/2025\/10\/224734559_10225610934810608_6829053119896940981_n-edited-300x225.jpg 300w, https:\/\/tobii-venner.dk\/wp-content\/uploads\/2025\/10\/224734559_10225610934810608_6829053119896940981_n-edited-768x576.jpg 768w, https:\/\/tobii-venner.dk\/wp-content\/uploads\/2025\/10\/224734559_10225610934810608_6829053119896940981_n-edited.jpg 1536w\" sizes=\"auto, (max-width: 1024px) 100vw, 1024px\" \/><\/figure>\n\n\n\n<h2 class=\"wp-block-heading has-text-align-center\" style=\"font-size:53px\">Siden er under ombygning for tiden<\/h2>\n\n\n\n<hr class=\"wp-block-separator has-alpha-channel-opacity\"\/>\n\n\n<h1><span style=\"color: #000080;\"><strong>Foreningen for<\/strong><\/span><\/h1>\n<p>&nbsp;<\/p>\n<p class=\"has-large-font-size\" style=\"text-align: center;\">Vidensdeling og relations-opbygning for b\u00e5de b\u00f8rnene med handicap, s\u00f8skende og familier.<\/p>\n<p class=\"has-large-font-size\" style=\"text-align: center;\">Uddannelse af for\u00e6ldregruppen ift. kommunikationsprogrammer.<br>Uddannelse p\u00e5 tv\u00e6rs af landet med brug af de f\u00e5 ressourcer, der kan Tobii p\u00e5 h\u00f8jt nok niveau.<br>Opl\u00e6g fra for\u00e6ldre til for\u00e6ldre med inspiration.<\/p>\n<p class=\"has-large-font-size\" style=\"text-align: center;\">Netv\u00e6rket skal styrke sociale relationer med ligestillede prim\u00e6rt for det handicappede barn og sekund\u00e6rt for s\u00f8skende og for\u00e6ldre til det handicappede barn.&nbsp;<\/p>\n\n\n<p><\/p>\n","protected":false},"excerpt":{"rendered":"<p>Siden er under ombygning for tiden Foreningen for &nbsp; Vidensdeling og relations-opbygning for b\u00e5de b\u00f8rnene med handicap, s\u00f8skende og familier. Uddannelse af for\u00e6ldregruppen ift. kommunikationsprogrammer.Uddannelse p\u00e5 tv\u00e6rs af landet med brug af de f\u00e5 ressourcer, der kan Tobii p\u00e5 h\u00f8jt nok niveau.Opl\u00e6g fra for\u00e6ldre til for\u00e6ldre med inspiration. Netv\u00e6rket skal styrke sociale relationer med ligestillede [&hellip;]<\/p>\n","protected":false},"author":3,"featured_media":0,"parent":0,"menu_order":0,"comment_status":"closed","ping_status":"closed","template":"","meta":{"ngg_post_thumbnail":0,"footnotes":""},"class_list":["post-6","page","type-page","status-publish","hentry"],"_links":{"self":[{"href":"https:\/\/tobii-venner.dk\/index.php?rest_route=\/wp\/v2\/pages\/6","targetHints":{"allow":["GET"]}}],"collection":[{"href":"https:\/\/tobii-venner.dk\/index.php?rest_route=\/wp\/v2\/pages"}],"about":[{"href":"https:\/\/tobii-venner.dk\/index.php?rest_route=\/wp\/v2\/types\/page"}],"author":[{"embeddable":true,"href":"https:\/\/tobii-venner.dk\/index.php?rest_route=\/wp\/v2\/users\/3"}],"replies":[{"embeddable":true,"href":"https:\/\/tobii-venner.dk\/index.php?rest_route=%2Fwp%2Fv2%2Fcomments&post=6"}],"version-history":[{"count":21,"href":"https:\/\/tobii-venner.dk\/index.php?rest_route=\/wp\/v2\/pages\/6\/revisions"}],"predecessor-version":[{"id":507,"href":"https:\/\/tobii-venner.dk\/index.php?rest_route=\/wp\/v2\/pages\/6\/revisions\/507"}],"wp:attachment":[{"href":"https:\/\/tobii-venner.dk\/index.php?rest_route=%2Fwp%2Fv2%2Fmedia&parent=6"}],"curies":[{"name":"wp","href":"https:\/\/api.w.org\/{rel}","templated":true}]}}