{"id":43,"date":"2023-12-26T20:50:00","date_gmt":"2023-12-26T20:50:00","guid":{"rendered":"https:\/\/tobii-venner.dk\/?page_id=43"},"modified":"2023-12-28T04:03:41","modified_gmt":"2023-12-28T04:03:41","slug":"om-os","status":"publish","type":"page","link":"https:\/\/tobii-venner.dk\/?page_id=43","title":{"rendered":"Om os"},"content":{"rendered":"<p class=\"textheading3\"><span class=\"textheading3\" style=\"text-decoration: underline;\">Form\u00e5let med foreningen.<\/span><\/p>\n<p style=\"font-size: 28px;\"><span style=\"font-size: 28px;\">Vidensdeling og relations-opbygning for b\u00e5de b\u00f8rnene med handicap, s\u00f8skende og familier.<\/span><\/p>\n<p style=\"font-size: 28px;\"><span style=\"font-size: 28px;\">Uddannelse af for\u00e6ldregruppen ift. kommunikationsprogrammer. <\/span><br \/>\n<span style=\"font-size: 28px;\">Uddannelse p\u00e5 tv\u00e6rs af landet med brug af de f\u00e5 ressourcer, der kan Tobii p\u00e5 h\u00f8jt nok niveau.<\/span><br \/>\n<span style=\"font-size: 28px;\">Opl\u00e6g fra for\u00e6ldre til for\u00e6ldre med inspiration.<\/span><\/p>\n<p style=\"font-size: 28px;\"><span style=\"font-size: 28px;\">Netv\u00e6rket skal styrke sociale relationer med ligestillede prim\u00e6rt for det handicappede barn og sekund\u00e6rt for s\u00f8skende og for\u00e6ldre til det handicappede barn.\u00a0<\/span><\/p>\n<p class=\"textheading3\"><span class=\"textheading3\" style=\"text-decoration: underline;\">Aktiviteter.<\/span><\/p>\n<p style=\"font-size: 28px;\"><span style=\"font-size: 28px;\">Foreningens hovedaktiviteter er to \u201dTobii-weekender\u201d om \u00e5ret, hvor det tilstr\u00e6bes at kunne afholde evt. Foredrag af fagpersoner og m\u00e5lrettet undervisning i brug\/programering af Tobii\u2019en.<\/span><\/p>\n<p style=\"font-size: 28px;\"><span style=\"font-size: 28px;\">Weekenderne afholdes prim\u00e6rt p\u00e5 Hou S\u00f8sportscenter.\u00a0<\/span><\/p>\n<p class=\"textheading3\"><span class=\"textheading3\" style=\"font-weight: bold; text-decoration: underline;\">Baggrund:<\/span><\/p>\n<p style=\"font-size: 28px;\"><span style=\"font-size: 28px;\">Vi er 5 familier, der har b\u00f8rn i alderen 5-X \u00e5r, der alle har brugt Tobii i flere \u00e5r. Vores b\u00f8rn er n\u00e6sten\/fuldt ud alderssvarende intelligensm\u00e6ssigt\/kognitivt, hvilket s\u00e6tter store krav til b\u00e5de hardware\/software, tilbud og muligheder i deres \u00f8jenstyrede kommunikationsudstyr.<\/span><\/p>\n<p style=\"font-size: 28px;\"><span style=\"font-size: 28px;\">Vi oplever, at de sparringsmuligheder vi har fra offentlig side (logop\u00e6der, kommunikationscentre osv.) har begr\u00e6nset erfaring med b\u00f8rn, der har en s\u00e5 avanceret brug af Tobii\/\u00f8jenstyring. Det er b\u00f8rn, der har behov for at kunne kommunikere p\u00e5 samme niveau som b\u00f8rn p\u00e5 samme alder med verbalt sprog.<\/span><\/p>\n<p style=\"font-size: 28px;\"><span style=\"font-size: 28px;\">Samtidig er det b\u00f8rn, som gerne vil det samme som andre b\u00f8rn ift. brug af teknologiske muligheder \u2013 apps, spil, sende sms osv. Vores b\u00f8rn vil ogs\u00e5 gerne bruge Ramasjangs\/Ultras app, spille Mindcraft, v\u00e6re p\u00e5 Snap osv.<\/span><\/p>\n<p style=\"font-size: 28px;\"><span style=\"font-size: 28px;\">Det er b\u00f8rn, der i skole\/l\u00e6ringsregi har behov for avancerede og up-to-date muligheder for at udnytte deres potentiale \u2013 herunder at kunne arbejde selvst\u00e6ndigt vha. \u00f8jenstyringsmuligheder.<\/span><\/p>\n","protected":false},"excerpt":{"rendered":"<p>Form\u00e5let med foreningen. Vidensdeling og relations-opbygning for b\u00e5de b\u00f8rnene med handicap, s\u00f8skende og familier. Uddannelse af for\u00e6ldregruppen ift. kommunikationsprogrammer. Uddannelse p\u00e5 tv\u00e6rs af landet med brug af de f\u00e5 ressourcer, der kan Tobii p\u00e5 h\u00f8jt nok niveau. Opl\u00e6g fra for\u00e6ldre til for\u00e6ldre med inspiration. Netv\u00e6rket skal styrke sociale relationer med ligestillede prim\u00e6rt for det handicappede [&hellip;]<\/p>\n","protected":false},"author":3,"featured_media":0,"parent":0,"menu_order":0,"comment_status":"closed","ping_status":"closed","template":"","meta":{"ngg_post_thumbnail":0,"footnotes":""},"class_list":["post-43","page","type-page","status-publish","hentry"],"_links":{"self":[{"href":"https:\/\/tobii-venner.dk\/index.php?rest_route=\/wp\/v2\/pages\/43","targetHints":{"allow":["GET"]}}],"collection":[{"href":"https:\/\/tobii-venner.dk\/index.php?rest_route=\/wp\/v2\/pages"}],"about":[{"href":"https:\/\/tobii-venner.dk\/index.php?rest_route=\/wp\/v2\/types\/page"}],"author":[{"embeddable":true,"href":"https:\/\/tobii-venner.dk\/index.php?rest_route=\/wp\/v2\/users\/3"}],"replies":[{"embeddable":true,"href":"https:\/\/tobii-venner.dk\/index.php?rest_route=%2Fwp%2Fv2%2Fcomments&post=43"}],"version-history":[{"count":4,"href":"https:\/\/tobii-venner.dk\/index.php?rest_route=\/wp\/v2\/pages\/43\/revisions"}],"predecessor-version":[{"id":64,"href":"https:\/\/tobii-venner.dk\/index.php?rest_route=\/wp\/v2\/pages\/43\/revisions\/64"}],"wp:attachment":[{"href":"https:\/\/tobii-venner.dk\/index.php?rest_route=%2Fwp%2Fv2%2Fmedia&parent=43"}],"curies":[{"name":"wp","href":"https:\/\/api.w.org\/{rel}","templated":true}]}}